{"id":18,"date":"2022-06-09T08:13:26","date_gmt":"2022-06-09T08:13:26","guid":{"rendered":"http:\/\/www.mercadodetrianasevilla.com\/guia\/?page_id=18"},"modified":"2022-10-14T11:11:24","modified_gmt":"2022-10-14T11:11:24","slug":"inicio","status":"publish","type":"page","link":"https:\/\/mercadodetrianasevilla.com\/guia\/","title":{"rendered":"inicio"},"content":{"rendered":"\t\t<div data-elementor-type=\"wp-page\" data-elementor-id=\"18\" class=\"elementor elementor-18\">\n\t\t\t\t\t\t\t\t\t<section data-wpr-sticky-section=\"yes\" data-wpr-position-type=\"sticky\" data-wpr-position-offset=\"0\" data-wpr-position-location=\"top\" data-wpr-sticky-devices=\"tablet_sticky desktop_sticky\" data-wpr-custom-breakpoints=\"\" data-wpr-active-breakpoints=\"mobile_sticky tablet_sticky desktop_sticky\" data-wpr-z-index=\"10\" class=\"elementor-section elementor-top-section elementor-element elementor-element-3e71e31 wpr-sticky-section-yes elementor-section-full_width elementor-section-height-default elementor-section-height-default wpr-particle-no wpr-jarallax-no wpr-parallax-no\" data-id=\"3e71e31\" data-element_type=\"section\" data-settings=\"{&quot;background_background&quot;:&quot;classic&quot;,&quot;position_offset&quot;:0,&quot;position_offset_tablet&quot;:0,&quot;position_offset_mobile&quot;:0}\">\n\t\t\t\t\t\t<div class=\"elementor-container elementor-column-gap-default\">\n\t\t\t\t\t<div class=\"elementor-column elementor-col-100 elementor-top-column elementor-element elementor-element-e6116c5\" data-id=\"e6116c5\" data-element_type=\"column\" data-settings=\"{&quot;background_background&quot;:&quot;classic&quot;}\">\n\t\t\t<div class=\"elementor-widget-wrap elementor-element-populated\">\n\t\t\t\t\t\t\t\t<div class=\"elementor-element elementor-element-8a70247 elementor-widget elementor-widget-menu-anchor\" data-id=\"8a70247\" data-element_type=\"widget\" data-widget_type=\"menu-anchor.default\">\n\t\t\t\t<div class=\"elementor-widget-container\">\n\t\t\t<style>\/*! elementor - v3.7.8 - 02-10-2022 *\/\nbody.elementor-page .elementor-widget-menu-anchor{margin-bottom:0}<\/style>\t\t<div id=\"arriba\" class=\"elementor-menu-anchor\"><\/div>\n\t\t\t\t<\/div>\n\t\t\t\t<\/div>\n\t\t\t\t<div class=\"elementor-element elementor-element-e7849fa elementor-widget elementor-widget-image\" data-id=\"e7849fa\" data-element_type=\"widget\" data-widget_type=\"image.default\">\n\t\t\t\t<div class=\"elementor-widget-container\">\n\t\t\t<style>\/*! elementor - v3.7.8 - 02-10-2022 *\/\n.elementor-widget-image{text-align:center}.elementor-widget-image a{display:inline-block}.elementor-widget-image a img[src$=\".svg\"]{width:48px}.elementor-widget-image img{vertical-align:middle;display:inline-block}<\/style>\t\t\t\t\t\t\t\t\t\t\t\t\t<a href=\"http:\/\/www.mercadodetrianasevilla.com\/guia\/\">\n\t\t\t\t\t\t\t<img loading=\"lazy\" decoding=\"async\" width=\"300\" height=\"112\" src=\"https:\/\/mercadodetrianasevilla.com\/guia\/wp-content\/uploads\/2022\/06\/GUIAMERCADO_Logo-300x112.png\" class=\"attachment-medium size-medium\" alt=\"\" srcset=\"https:\/\/mercadodetrianasevilla.com\/guia\/wp-content\/uploads\/2022\/06\/GUIAMERCADO_Logo-300x112.png 300w, https:\/\/mercadodetrianasevilla.com\/guia\/wp-content\/uploads\/2022\/06\/GUIAMERCADO_Logo-768x286.png 768w, https:\/\/mercadodetrianasevilla.com\/guia\/wp-content\/uploads\/2022\/06\/GUIAMERCADO_Logo.png 876w\" sizes=\"auto, (max-width: 300px) 100vw, 300px\" \/>\t\t\t\t\t\t\t\t<\/a>\n\t\t\t\t\t\t\t\t\t\t\t\t\t\t\t<\/div>\n\t\t\t\t<\/div>\n\t\t\t\t<div class=\"elementor-element elementor-element-8ddbb4a hfe-nav-menu__align-center hfe-submenu-icon-plus hfe-submenu-animation-slide_up hfe-link-redirect-child hfe-nav-menu__breakpoint-tablet elementor-widget elementor-widget-navigation-menu\" data-id=\"8ddbb4a\" data-element_type=\"widget\" data-settings=\"{&quot;padding_horizontal_menu_item&quot;:{&quot;unit&quot;:&quot;px&quot;,&quot;size&quot;:24,&quot;sizes&quot;:[]},&quot;padding_vertical_menu_item&quot;:{&quot;unit&quot;:&quot;px&quot;,&quot;size&quot;:21,&quot;sizes&quot;:[]},&quot;menu_space_between&quot;:{&quot;unit&quot;:&quot;px&quot;,&quot;size&quot;:21,&quot;sizes&quot;:[]},&quot;menu_row_space&quot;:{&quot;unit&quot;:&quot;px&quot;,&quot;size&quot;:0,&quot;sizes&quot;:[]},&quot;dropdown_border_radius&quot;:{&quot;unit&quot;:&quot;px&quot;,&quot;top&quot;:&quot;0&quot;,&quot;right&quot;:&quot;0&quot;,&quot;bottom&quot;:&quot;0&quot;,&quot;left&quot;:&quot;0&quot;,&quot;isLinked&quot;:true},&quot;width_dropdown_item&quot;:{&quot;unit&quot;:&quot;px&quot;,&quot;size&quot;:88,&quot;sizes&quot;:[]},&quot;padding_horizontal_menu_item_tablet&quot;:{&quot;unit&quot;:&quot;px&quot;,&quot;size&quot;:&quot;&quot;,&quot;sizes&quot;:[]},&quot;padding_horizontal_menu_item_mobile&quot;:{&quot;unit&quot;:&quot;px&quot;,&quot;size&quot;:&quot;&quot;,&quot;sizes&quot;:[]},&quot;padding_vertical_menu_item_tablet&quot;:{&quot;unit&quot;:&quot;px&quot;,&quot;size&quot;:&quot;&quot;,&quot;sizes&quot;:[]},&quot;padding_vertical_menu_item_mobile&quot;:{&quot;unit&quot;:&quot;px&quot;,&quot;size&quot;:&quot;&quot;,&quot;sizes&quot;:[]},&quot;menu_space_between_tablet&quot;:{&quot;unit&quot;:&quot;px&quot;,&quot;size&quot;:&quot;&quot;,&quot;sizes&quot;:[]},&quot;menu_space_between_mobile&quot;:{&quot;unit&quot;:&quot;px&quot;,&quot;size&quot;:&quot;&quot;,&quot;sizes&quot;:[]},&quot;menu_row_space_tablet&quot;:{&quot;unit&quot;:&quot;px&quot;,&quot;size&quot;:&quot;&quot;,&quot;sizes&quot;:[]},&quot;menu_row_space_mobile&quot;:{&quot;unit&quot;:&quot;px&quot;,&quot;size&quot;:&quot;&quot;,&quot;sizes&quot;:[]},&quot;dropdown_border_radius_tablet&quot;:{&quot;unit&quot;:&quot;px&quot;,&quot;top&quot;:&quot;&quot;,&quot;right&quot;:&quot;&quot;,&quot;bottom&quot;:&quot;&quot;,&quot;left&quot;:&quot;&quot;,&quot;isLinked&quot;:true},&quot;dropdown_border_radius_mobile&quot;:{&quot;unit&quot;:&quot;px&quot;,&quot;top&quot;:&quot;&quot;,&quot;right&quot;:&quot;&quot;,&quot;bottom&quot;:&quot;&quot;,&quot;left&quot;:&quot;&quot;,&quot;isLinked&quot;:true},&quot;width_dropdown_item_tablet&quot;:{&quot;unit&quot;:&quot;px&quot;,&quot;size&quot;:&quot;&quot;,&quot;sizes&quot;:[]},&quot;width_dropdown_item_mobile&quot;:{&quot;unit&quot;:&quot;px&quot;,&quot;size&quot;:&quot;&quot;,&quot;sizes&quot;:[]},&quot;padding_horizontal_dropdown_item&quot;:{&quot;unit&quot;:&quot;px&quot;,&quot;size&quot;:&quot;&quot;,&quot;sizes&quot;:[]},&quot;padding_horizontal_dropdown_item_tablet&quot;:{&quot;unit&quot;:&quot;px&quot;,&quot;size&quot;:&quot;&quot;,&quot;sizes&quot;:[]},&quot;padding_horizontal_dropdown_item_mobile&quot;:{&quot;unit&quot;:&quot;px&quot;,&quot;size&quot;:&quot;&quot;,&quot;sizes&quot;:[]},&quot;padding_vertical_dropdown_item&quot;:{&quot;unit&quot;:&quot;px&quot;,&quot;size&quot;:15,&quot;sizes&quot;:[]},&quot;padding_vertical_dropdown_item_tablet&quot;:{&quot;unit&quot;:&quot;px&quot;,&quot;size&quot;:&quot;&quot;,&quot;sizes&quot;:[]},&quot;padding_vertical_dropdown_item_mobile&quot;:{&quot;unit&quot;:&quot;px&quot;,&quot;size&quot;:&quot;&quot;,&quot;sizes&quot;:[]},&quot;distance_from_menu&quot;:{&quot;unit&quot;:&quot;px&quot;,&quot;size&quot;:&quot;&quot;,&quot;sizes&quot;:[]},&quot;distance_from_menu_tablet&quot;:{&quot;unit&quot;:&quot;px&quot;,&quot;size&quot;:&quot;&quot;,&quot;sizes&quot;:[]},&quot;distance_from_menu_mobile&quot;:{&quot;unit&quot;:&quot;px&quot;,&quot;size&quot;:&quot;&quot;,&quot;sizes&quot;:[]},&quot;toggle_size&quot;:{&quot;unit&quot;:&quot;px&quot;,&quot;size&quot;:&quot;&quot;,&quot;sizes&quot;:[]},&quot;toggle_size_tablet&quot;:{&quot;unit&quot;:&quot;px&quot;,&quot;size&quot;:&quot;&quot;,&quot;sizes&quot;:[]},&quot;toggle_size_mobile&quot;:{&quot;unit&quot;:&quot;px&quot;,&quot;size&quot;:&quot;&quot;,&quot;sizes&quot;:[]},&quot;toggle_border_width&quot;:{&quot;unit&quot;:&quot;px&quot;,&quot;size&quot;:&quot;&quot;,&quot;sizes&quot;:[]},&quot;toggle_border_width_tablet&quot;:{&quot;unit&quot;:&quot;px&quot;,&quot;size&quot;:&quot;&quot;,&quot;sizes&quot;:[]},&quot;toggle_border_width_mobile&quot;:{&quot;unit&quot;:&quot;px&quot;,&quot;size&quot;:&quot;&quot;,&quot;sizes&quot;:[]},&quot;toggle_border_radius&quot;:{&quot;unit&quot;:&quot;px&quot;,&quot;size&quot;:&quot;&quot;,&quot;sizes&quot;:[]},&quot;toggle_border_radius_tablet&quot;:{&quot;unit&quot;:&quot;px&quot;,&quot;size&quot;:&quot;&quot;,&quot;sizes&quot;:[]},&quot;toggle_border_radius_mobile&quot;:{&quot;unit&quot;:&quot;px&quot;,&quot;size&quot;:&quot;&quot;,&quot;sizes&quot;:[]}}\" data-widget_type=\"navigation-menu.default\">\n\t\t\t\t<div class=\"elementor-widget-container\">\n\t\t\t\t\t\t<div class=\"hfe-nav-menu hfe-layout-horizontal hfe-nav-menu-layout horizontal hfe-pointer__none\" data-layout=\"horizontal\">\n\t\t\t\t<div class=\"hfe-nav-menu__toggle elementor-clickable\">\n\t\t\t\t\t<div class=\"hfe-nav-menu-icon\">\n\t\t\t\t\t\t<i aria-hidden=\"true\" tabindex=\"0\" class=\"fas fa-align-justify\"><\/i>\t\t\t\t\t<\/div>\n\t\t\t\t<\/div>\n\t\t\t\t<nav class=\"hfe-nav-menu__layout-horizontal hfe-nav-menu__submenu-plus\" data-toggle-icon=\"&lt;i aria-hidden=&quot;true&quot; tabindex=&quot;0&quot; class=&quot;fas fa-align-justify&quot;&gt;&lt;\/i&gt;\" data-close-icon=\"&lt;i aria-hidden=&quot;true&quot; tabindex=&quot;0&quot; class=&quot;far fa-window-close&quot;&gt;&lt;\/i&gt;\" data-full-width=\"yes\"><ul id=\"menu-1-8ddbb4a\" class=\"hfe-nav-menu\"><li id=\"menu-item-292\" class=\"menu-item menu-item-type-post_type menu-item-object-page menu-item-home parent hfe-creative-menu\"><a href=\"https:\/\/mercadodetrianasevilla.com\/guia\/\" class = \"hfe-menu-item\">Inicio<\/a><\/li>\n<li id=\"menu-item-124\" class=\"menu-item menu-item-type-custom menu-item-object-custom menu-item-has-children parent hfe-has-submenu hfe-creative-menu\"><div class=\"hfe-has-submenu-container\"><a href=\"https:\/\/www.mercadodetrianasevilla.com\/guia\/temporada\" class = \"hfe-menu-item\">Productos de Temporada<span class='hfe-menu-toggle sub-arrow hfe-menu-child-0'><i class='fa'><\/i><\/span><\/a><\/div>\n<ul class=\"sub-menu\">\n\t<li id=\"menu-item-368\" class=\"menu-item menu-item-type-custom menu-item-object-custom hfe-creative-menu\"><a href=\"https:\/\/www.mercadodetrianasevilla.com\/guia\/temporada#primavera\" class = \"hfe-sub-menu-item\">Primavera<\/a><\/li>\n\t<li id=\"menu-item-369\" class=\"menu-item menu-item-type-custom menu-item-object-custom hfe-creative-menu\"><a href=\"https:\/\/www.mercadodetrianasevilla.com\/guia\/temporada#verano\" class = \"hfe-sub-menu-item\">Verano<\/a><\/li>\n\t<li id=\"menu-item-370\" class=\"menu-item menu-item-type-custom menu-item-object-custom hfe-creative-menu\"><a href=\"https:\/\/www.mercadodetrianasevilla.com\/guia\/temporada#otono\" class = \"hfe-sub-menu-item\">Oto\u00f1o<\/a><\/li>\n\t<li id=\"menu-item-371\" class=\"menu-item menu-item-type-custom menu-item-object-custom hfe-creative-menu\"><a href=\"https:\/\/www.mercadodetrianasevilla.com\/guia\/temporada#invierno\" class = \"hfe-sub-menu-item\">Invierno<\/a><\/li>\n<\/ul>\n<\/li>\n<li id=\"menu-item-125\" class=\"menu-item menu-item-type-custom menu-item-object-custom menu-item-has-children parent hfe-has-submenu hfe-creative-menu\"><div class=\"hfe-has-submenu-container\"><a class = \"hfe-menu-item\">Trucos y Consejos<span class='hfe-menu-toggle sub-arrow hfe-menu-child-0'><i class='fa'><\/i><\/span><\/a><\/div>\n<ul class=\"sub-menu\">\n\t<li id=\"menu-item-126\" class=\"menu-item menu-item-type-custom menu-item-object-custom hfe-creative-menu\"><a href=\"https:\/\/www.mercadodetrianasevilla.com\/guia\/carnes\/\" class = \"hfe-sub-menu-item\">Carnes<\/a><\/li>\n\t<li id=\"menu-item-127\" class=\"menu-item menu-item-type-custom menu-item-object-custom hfe-creative-menu\"><a href=\"https:\/\/www.mercadodetrianasevilla.com\/guia\/pescados\" class = \"hfe-sub-menu-item\">Pescados<\/a><\/li>\n\t<li id=\"menu-item-128\" class=\"menu-item menu-item-type-custom menu-item-object-custom hfe-creative-menu\"><a href=\"https:\/\/www.mercadodetrianasevilla.com\/guia\/mariscos\" class = \"hfe-sub-menu-item\">Mariscos<\/a><\/li>\n\t<li id=\"menu-item-129\" class=\"menu-item menu-item-type-custom menu-item-object-custom hfe-creative-menu\"><a href=\"https:\/\/www.mercadodetrianasevilla.com\/guia\/moluscos\" class = \"hfe-sub-menu-item\">Moluscos y Bivalvos<\/a><\/li>\n\t<li id=\"menu-item-130\" class=\"menu-item menu-item-type-custom menu-item-object-custom hfe-creative-menu\"><a href=\"https:\/\/www.mercadodetrianasevilla.com\/guia\/frutas\" class = \"hfe-sub-menu-item\">Frutas<\/a><\/li>\n\t<li id=\"menu-item-131\" class=\"menu-item menu-item-type-custom menu-item-object-custom hfe-creative-menu\"><a href=\"https:\/\/www.mercadodetrianasevilla.com\/guia\/verduras\" class = \"hfe-sub-menu-item\">Verduras<\/a><\/li>\n\t<li id=\"menu-item-132\" class=\"menu-item menu-item-type-custom menu-item-object-custom hfe-creative-menu\"><a href=\"https:\/\/www.mercadodetrianasevilla.com\/guia\/setas\" class = \"hfe-sub-menu-item\">Setas<\/a><\/li>\n<\/ul>\n<\/li>\n<li id=\"menu-item-681\" class=\"menu-item menu-item-type-custom menu-item-object-custom parent hfe-creative-menu\"><a href=\"https:\/\/mercadodetrianasevilla.com\/guia\/GUIAMERCADO-DIGITAL.pdf\" class = \"hfe-menu-item\">Versi\u00f3n en PDF<\/a><\/li>\n<\/ul><\/nav>              \n\t\t\t<\/div>\n\t\t\t\t\t<\/div>\n\t\t\t\t<\/div>\n\t\t\t\t\t<\/div>\n\t\t<\/div>\n\t\t\t\t\t\t\t<\/div>\n\t\t<\/section>\n\t\t\t\t<section class=\"elementor-section elementor-top-section elementor-element elementor-element-fe34b13 elementor-section-boxed elementor-section-height-default elementor-section-height-default wpr-particle-no wpr-jarallax-no wpr-parallax-no wpr-sticky-section-no\" data-id=\"fe34b13\" data-element_type=\"section\">\n\t\t\t\t\t\t<div class=\"elementor-container elementor-column-gap-default\">\n\t\t\t\t\t<div class=\"elementor-column elementor-col-33 elementor-top-column elementor-element elementor-element-ebc9b67\" data-id=\"ebc9b67\" data-element_type=\"column\">\n\t\t\t<div class=\"elementor-widget-wrap\">\n\t\t\t\t\t\t\t\t\t<\/div>\n\t\t<\/div>\n\t\t\t\t<div class=\"elementor-column elementor-col-33 elementor-top-column elementor-element elementor-element-47ad14a\" data-id=\"47ad14a\" data-element_type=\"column\">\n\t\t\t<div class=\"elementor-widget-wrap elementor-element-populated\">\n\t\t\t\t\t\t\t\t<div class=\"elementor-element elementor-element-15724c3 elementor-widget elementor-widget-text-editor\" data-id=\"15724c3\" data-element_type=\"widget\" data-widget_type=\"text-editor.default\">\n\t\t\t\t<div class=\"elementor-widget-container\">\n\t\t\t<style>\/*! elementor - v3.7.8 - 02-10-2022 *\/\n.elementor-widget-text-editor.elementor-drop-cap-view-stacked .elementor-drop-cap{background-color:#818a91;color:#fff}.elementor-widget-text-editor.elementor-drop-cap-view-framed .elementor-drop-cap{color:#818a91;border:3px solid;background-color:transparent}.elementor-widget-text-editor:not(.elementor-drop-cap-view-default) .elementor-drop-cap{margin-top:8px}.elementor-widget-text-editor:not(.elementor-drop-cap-view-default) .elementor-drop-cap-letter{width:1em;height:1em}.elementor-widget-text-editor .elementor-drop-cap{float:left;text-align:center;line-height:1;font-size:50px}.elementor-widget-text-editor .elementor-drop-cap-letter{display:inline-block}<\/style>\t\t\t\t<p>En el Mercado de Triana creemos y trabajamos por un consumo responsable con nuestro entorno. Es por ello que hemos creado para ti esta pr\u00e1ctica <strong>Gu\u00eda de Compra<\/strong>, para que tengas en tus manos toda la informaci\u00f3n necesaria para<strong> \u201csaber comprar\u201d<\/strong> en el mercado y reconocer los productos ideales para cada temporada.<\/p><p>De esta forma pretendemos fomentar un consumo responsable y de cercan\u00eda, que beneficia a comerciantes y consumidores, adem\u00e1s de a nuestro medio ambiente.<\/p><p>En nuestra Gu\u00eda encontrar\u00e1s pr\u00e1cticos<strong> \u201ctrucos\u201d<\/strong> espec\u00edficos por cada tipo de producto que te facilitar\u00e1n mucho c\u00f3mo efectuar tu compra.<\/p><p><strong>\u00a1Ven al Mercado con esta Gu\u00eda y compra como un experto!<\/strong><\/p>\t\t\t\t\t\t<\/div>\n\t\t\t\t<\/div>\n\t\t\t\t<div class=\"elementor-element elementor-element-89b75d7 elementor-widget elementor-widget-image\" data-id=\"89b75d7\" data-element_type=\"widget\" data-widget_type=\"image.default\">\n\t\t\t\t<div class=\"elementor-widget-container\">\n\t\t\t\t\t\t\t\t\t\t\t\t\t\t\t<img loading=\"lazy\" decoding=\"async\" width=\"580\" height=\"270\" src=\"https:\/\/mercadodetrianasevilla.com\/guia\/wp-content\/uploads\/2022\/06\/GUIAMERCADO_Acuarela_mercado-1024x477.png\" class=\"attachment-large size-large\" alt=\"\" srcset=\"https:\/\/mercadodetrianasevilla.com\/guia\/wp-content\/uploads\/2022\/06\/GUIAMERCADO_Acuarela_mercado-1024x477.png 1024w, https:\/\/mercadodetrianasevilla.com\/guia\/wp-content\/uploads\/2022\/06\/GUIAMERCADO_Acuarela_mercado-300x140.png 300w, https:\/\/mercadodetrianasevilla.com\/guia\/wp-content\/uploads\/2022\/06\/GUIAMERCADO_Acuarela_mercado-768x358.png 768w, https:\/\/mercadodetrianasevilla.com\/guia\/wp-content\/uploads\/2022\/06\/GUIAMERCADO_Acuarela_mercado.png 1101w\" sizes=\"auto, (max-width: 580px) 100vw, 580px\" \/>\t\t\t\t\t\t\t\t\t\t\t\t\t\t\t<\/div>\n\t\t\t\t<\/div>\n\t\t\t\t\t<\/div>\n\t\t<\/div>\n\t\t\t\t<div class=\"elementor-column elementor-col-33 elementor-top-column elementor-element elementor-element-afe54a0\" data-id=\"afe54a0\" data-element_type=\"column\">\n\t\t\t<div class=\"elementor-widget-wrap\">\n\t\t\t\t\t\t\t\t\t<\/div>\n\t\t<\/div>\n\t\t\t\t\t\t\t<\/div>\n\t\t<\/section>\n\t\t\t\t<section class=\"elementor-section elementor-top-section elementor-element elementor-element-af46f12 elementor-section-boxed elementor-section-height-default elementor-section-height-default wpr-particle-no wpr-jarallax-no wpr-parallax-no wpr-sticky-section-no\" data-id=\"af46f12\" data-element_type=\"section\">\n\t\t\t\t\t\t<div class=\"elementor-container elementor-column-gap-default\">\n\t\t\t\t\t<div class=\"elementor-column elementor-col-100 elementor-top-column elementor-element elementor-element-161e125\" data-id=\"161e125\" data-element_type=\"column\">\n\t\t\t<div class=\"elementor-widget-wrap elementor-element-populated\">\n\t\t\t\t\t\t\t\t<div class=\"elementor-element elementor-element-2539c43 elementor-widget elementor-widget-text-editor\" data-id=\"2539c43\" data-element_type=\"widget\" data-widget_type=\"text-editor.default\">\n\t\t\t\t<div class=\"elementor-widget-container\">\n\t\t\t\t\t\t\t<p><em>Agradecemos a la Asociaci\u00f3n de Comerciantes del Mercado de Triana y especialmente al Chef del Taller andaluz\u00a0 de Cocina Domenico Dimichina su inestimable ayuda en la elaboraci\u00f3n de nuestra Gu\u00eda de Compra.\u00a0<\/em><\/p>\t\t\t\t\t\t<\/div>\n\t\t\t\t<\/div>\n\t\t\t\t<div class=\"elementor-element elementor-element-079e75c elementor-widget elementor-widget-text-editor\" data-id=\"079e75c\" data-element_type=\"widget\" data-widget_type=\"text-editor.default\">\n\t\t\t\t<div class=\"elementor-widget-container\">\n\t\t\t\t\t\t\t<p style=\"text-align: center;\">Campa\u00f1a subvencionada por<\/p><p><img loading=\"lazy\" decoding=\"async\" class=\"wp-image-690 aligncenter\" src=\"http:\/\/www.mercadodetrianasevilla.com\/guia\/wp-content\/uploads\/2022\/10\/LOGOS-REDES_JUNTA-300x107.png\" alt=\"\" width=\"150\" height=\"54\" srcset=\"https:\/\/mercadodetrianasevilla.com\/guia\/wp-content\/uploads\/2022\/10\/LOGOS-REDES_JUNTA-300x107.png 300w, https:\/\/mercadodetrianasevilla.com\/guia\/wp-content\/uploads\/2022\/10\/LOGOS-REDES_JUNTA-1024x366.png 1024w, https:\/\/mercadodetrianasevilla.com\/guia\/wp-content\/uploads\/2022\/10\/LOGOS-REDES_JUNTA-768x274.png 768w, https:\/\/mercadodetrianasevilla.com\/guia\/wp-content\/uploads\/2022\/10\/LOGOS-REDES_JUNTA.png 1038w\" sizes=\"auto, (max-width: 150px) 100vw, 150px\" \/><img loading=\"lazy\" decoding=\"async\" class=\"wp-image-688 aligncenter\" src=\"http:\/\/www.mercadodetrianasevilla.com\/guia\/wp-content\/uploads\/2022\/10\/LOGOS-REDES_AYTO_SEVILA-300x173.png\" alt=\"\" width=\"150\" height=\"87\" srcset=\"https:\/\/mercadodetrianasevilla.com\/guia\/wp-content\/uploads\/2022\/10\/LOGOS-REDES_AYTO_SEVILA-300x173.png 300w, https:\/\/mercadodetrianasevilla.com\/guia\/wp-content\/uploads\/2022\/10\/LOGOS-REDES_AYTO_SEVILA.png 551w\" sizes=\"auto, (max-width: 150px) 100vw, 150px\" \/><\/p>\t\t\t\t\t\t<\/div>\n\t\t\t\t<\/div>\n\t\t\t\t\t<\/div>\n\t\t<\/div>\n\t\t\t\t\t\t\t<\/div>\n\t\t<\/section>\n\t\t\t\t<section class=\"elementor-section elementor-top-section elementor-element elementor-element-d77455a elementor-section-boxed elementor-section-height-default elementor-section-height-default wpr-particle-no wpr-jarallax-no wpr-parallax-no wpr-sticky-section-no\" data-id=\"d77455a\" data-element_type=\"section\" data-settings=\"{&quot;background_background&quot;:&quot;classic&quot;}\">\n\t\t\t\t\t\t<div class=\"elementor-container elementor-column-gap-default\">\n\t\t\t\t\t<div class=\"elementor-column elementor-col-100 elementor-top-column elementor-element elementor-element-097a1cc\" data-id=\"097a1cc\" data-element_type=\"column\">\n\t\t\t<div class=\"elementor-widget-wrap elementor-element-populated\">\n\t\t\t\t\t\t\t\t<div class=\"elementor-element elementor-element-322974c elementor-widget elementor-widget-image\" data-id=\"322974c\" data-element_type=\"widget\" data-widget_type=\"image.default\">\n\t\t\t\t<div class=\"elementor-widget-container\">\n\t\t\t\t\t\t\t\t\t\t\t\t\t\t\t\t<a href=\"http:\/\/mercadodetrianasevilla.com\" target=\"_blank\">\n\t\t\t\t\t\t\t<img loading=\"lazy\" decoding=\"async\" width=\"580\" height=\"365\" src=\"https:\/\/mercadodetrianasevilla.com\/guia\/wp-content\/uploads\/2022\/06\/icono-mercado-amarillo.png\" class=\"attachment-large size-large\" alt=\"\" srcset=\"https:\/\/mercadodetrianasevilla.com\/guia\/wp-content\/uploads\/2022\/06\/icono-mercado-amarillo.png 814w, https:\/\/mercadodetrianasevilla.com\/guia\/wp-content\/uploads\/2022\/06\/icono-mercado-amarillo-300x189.png 300w, https:\/\/mercadodetrianasevilla.com\/guia\/wp-content\/uploads\/2022\/06\/icono-mercado-amarillo-768x483.png 768w\" sizes=\"auto, (max-width: 580px) 100vw, 580px\" \/>\t\t\t\t\t\t\t\t<\/a>\n\t\t\t\t\t\t\t\t\t\t\t\t\t\t\t<\/div>\n\t\t\t\t<\/div>\n\t\t\t\t<div class=\"elementor-element elementor-element-10e8533 elementor-widget elementor-widget-text-editor\" data-id=\"10e8533\" data-element_type=\"widget\" data-widget_type=\"text-editor.default\">\n\t\t\t\t<div class=\"elementor-widget-container\">\n\t\t\t\t\t\t\t<p style=\"text-align: center;\"><span style=\"color: #fab60b;\"><a style=\"color: #fab60b;\" href=\"https:\/\/g.page\/mercado-de-triana?share\">c\/ Plaza del Altozano s\/n \u00a0<\/a><\/span><span style=\"color: #fab60b;\"><br>\n<a style=\"color: #fab60b;\" href=\"tel:674074099\">674 074 099\n<\/a><br><\/span><a style=\"color: #fab60b;\" href=\"mailto:hola@mercadodetrianasevilla.com\">hola@mercadodetrianasevilla.com\u00a0<\/a><\/p>\t\t\t\t\t\t<\/div>\n\t\t\t\t<\/div>\n\t\t\t\t\t<\/div>\n\t\t<\/div>\n\t\t\t\t\t\t\t<\/div>\n\t\t<\/section>\n\t\t\t\t\t\t\t<\/div>\n\t\t","protected":false},"excerpt":{"rendered":"<p>Inicio Productos de Temporada Primavera Verano Oto\u00f1o Invierno Trucos y Consejos Carnes Pescados Mariscos Moluscos y Bivalvos Frutas Verduras Setas Versi\u00f3n en PDF En el Mercado de Triana creemos y trabajamos por un consumo responsable con nuestro entorno. Es por ello que hemos creado para ti esta pr\u00e1ctica Gu\u00eda de Compra, para que tengas en [&hellip;]<\/p>\n","protected":false},"author":1,"featured_media":0,"parent":0,"menu_order":0,"comment_status":"closed","ping_status":"closed","template":"elementor_canvas","meta":{"footnotes":""},"class_list":["post-18","page","type-page","status-publish","hentry"],"_links":{"self":[{"href":"https:\/\/mercadodetrianasevilla.com\/guia\/wp-json\/wp\/v2\/pages\/18","targetHints":{"allow":["GET"]}}],"collection":[{"href":"https:\/\/mercadodetrianasevilla.com\/guia\/wp-json\/wp\/v2\/pages"}],"about":[{"href":"https:\/\/mercadodetrianasevilla.com\/guia\/wp-json\/wp\/v2\/types\/page"}],"author":[{"embeddable":true,"href":"https:\/\/mercadodetrianasevilla.com\/guia\/wp-json\/wp\/v2\/users\/1"}],"replies":[{"embeddable":true,"href":"https:\/\/mercadodetrianasevilla.com\/guia\/wp-json\/wp\/v2\/comments?post=18"}],"version-history":[{"count":170,"href":"https:\/\/mercadodetrianasevilla.com\/guia\/wp-json\/wp\/v2\/pages\/18\/revisions"}],"predecessor-version":[{"id":727,"href":"https:\/\/mercadodetrianasevilla.com\/guia\/wp-json\/wp\/v2\/pages\/18\/revisions\/727"}],"wp:attachment":[{"href":"https:\/\/mercadodetrianasevilla.com\/guia\/wp-json\/wp\/v2\/media?parent=18"}],"curies":[{"name":"wp","href":"https:\/\/api.w.org\/{rel}","templated":true}]}}